{"id":12,"date":"2025-06-08T17:28:45","date_gmt":"2025-06-08T15:28:45","guid":{"rendered":"https:\/\/verteliorenov.fr\/?page_id=12"},"modified":"2025-06-08T17:28:45","modified_gmt":"2025-06-08T15:28:45","slug":"un-devis","status":"publish","type":"page","link":"https:\/\/verteliorenov.fr\/?page_id=12","title":{"rendered":"Un devis ?"},"content":{"rendered":"<div class=\"wpforms-container wpforms-container-full wpforms-block wpforms-block-b70fd350-8c7c-433b-a78f-fee62b8388e9 wpforms-render-modern\" id=\"wpforms-279\"><form id=\"wpforms-form-279\" class=\"wpforms-validate wpforms-form wpforms-ajax-form\" data-formid=\"279\" method=\"post\" enctype=\"multipart\/form-data\" action=\"\/index.php?rest_route=%2Fwp%2Fv2%2Fpages%2F12\" data-token=\"5bc1c2d86375b7a7433f07b6ecbb118f\" data-token-time=\"1778849433\"><noscript class=\"wpforms-error-noscript\">Please enable JavaScript in your browser to complete this form.<\/noscript><div class=\"wpforms-hidden\" id=\"wpforms-error-noscript\">Please enable JavaScript in your browser to complete this form.<\/div><div class=\"wpforms-field-container\"><div id=\"wpforms-279-field_1-container\" class=\"wpforms-field wpforms-field-name\" data-field-id=\"1\"><fieldset><legend class=\"wpforms-field-label\">Nom <span class=\"wpforms-required-label\" aria-hidden=\"true\">*<\/span><\/legend><div class=\"wpforms-field-row wpforms-field-medium\"><div class=\"wpforms-field-row-block wpforms-first wpforms-one-half\"><input type=\"text\" id=\"wpforms-279-field_1\" class=\"wpforms-field-name-first wpforms-field-required\" name=\"wpforms[fields][1][first]\" aria-errormessage=\"wpforms-279-field_1-error\" required><label for=\"wpforms-279-field_1\" class=\"wpforms-field-sublabel after\">First<\/label><\/div><div class=\"wpforms-field-row-block wpforms-one-half\"><input type=\"text\" id=\"wpforms-279-field_1-last\" class=\"wpforms-field-name-last wpforms-field-required\" name=\"wpforms[fields][1][last]\" aria-errormessage=\"wpforms-279-field_1-last-error\" required><label for=\"wpforms-279-field_1-last\" class=\"wpforms-field-sublabel after\">Last<\/label><\/div><\/div><\/fieldset><\/div><div id=\"wpforms-279-field_18-container\" class=\"wpforms-field wpforms-field-text\" data-field-id=\"18\"><label class=\"wpforms-field-label\" for=\"wpforms-279-field_18\">N\u00b0 de tel :  <span class=\"wpforms-required-label\" aria-hidden=\"true\">*<\/span><\/label><input type=\"text\" id=\"wpforms-279-field_18\" class=\"wpforms-field-medium wpforms-field-required\" name=\"wpforms[fields][18]\" aria-errormessage=\"wpforms-279-field_18-error\" required><\/div><div id=\"wpforms-279-field_2-container\" class=\"wpforms-field wpforms-field-email\" data-field-id=\"2\"><label class=\"wpforms-field-label\" for=\"wpforms-279-field_2\">E-mail <span class=\"wpforms-required-label\" aria-hidden=\"true\">*<\/span><\/label><input type=\"email\" id=\"wpforms-279-field_2\" class=\"wpforms-field-medium wpforms-field-required\" name=\"wpforms[fields][2]\" spellcheck=\"false\" aria-errormessage=\"wpforms-279-field_2-error\" required><\/div><div id=\"wpforms-279-field_17-container\" class=\"wpforms-field wpforms-field-text\" data-field-id=\"17\"><label class=\"wpforms-field-label\" for=\"wpforms-279-field_17\">Quelle est l&#039;adresse du logement concern\u00e9 ? Cette question est requise <span class=\"wpforms-required-label\" aria-hidden=\"true\">*<\/span><\/label><input type=\"text\" id=\"wpforms-279-field_17\" class=\"wpforms-field-medium wpforms-field-required\" name=\"wpforms[fields][17]\" aria-errormessage=\"wpforms-279-field_17-error\" required><\/div><div id=\"wpforms-279-field_4-container\" class=\"wpforms-field wpforms-field-select wpforms-field-select-style-modern\" data-field-id=\"4\"><label class=\"wpforms-field-label\" for=\"wpforms-279-field_4\">Quel type de logement souhaitez-vous r\u00e9nover ?  <span class=\"wpforms-required-label\" aria-hidden=\"true\">*<\/span><\/label><select id=\"wpforms-279-field_4\" class=\"wpforms-field-medium wpforms-field-required choicesjs-select\" data-size-class=\"wpforms-field-row wpforms-field-medium\" data-search-enabled=\"\" name=\"wpforms[fields][4]\" required=\"required\"><option value=\"\" class=\"placeholder\" disabled  selected='selected'>&#8212; S\u00e9lectionner un choix &#8212;<\/option><option value=\"APPARTEMENT\" >APPARTEMENT<\/option><option value=\"MAISON\" >MAISON<\/option><\/select><\/div><div id=\"wpforms-279-field_6-container\" class=\"wpforms-field wpforms-field-select wpforms-field-select-style-modern\" data-field-id=\"6\"><label class=\"wpforms-field-label\" for=\"wpforms-279-field_6\">O\u00f9 en \u00eates-vous dans votre projet ? <span class=\"wpforms-required-label\" aria-hidden=\"true\">*<\/span><\/label><select id=\"wpforms-279-field_6\" class=\"wpforms-field-medium wpforms-field-required choicesjs-select\" data-size-class=\"wpforms-field-row wpforms-field-medium\" data-search-enabled=\"\" name=\"wpforms[fields][6]\" required=\"required\"><option value=\"\" class=\"placeholder\" disabled  selected='selected'>&#8212; S\u00e9lectionner un choix &#8212;<\/option><option value=\"J\u2019envisage des travaux\" >J\u2019envisage des travaux<\/option><option value=\"Je cherche un artisan RGE\" >Je cherche un artisan RGE<\/option><option value=\"J\u2019ai d\u00e9j\u00e0 r\u00e9alis\u00e9 un devis\" >J\u2019ai d\u00e9j\u00e0 r\u00e9alis\u00e9 un devis<\/option><option value=\"J\u2019ai d\u00e9j\u00e0 sign\u00e9 un devis\" >J\u2019ai d\u00e9j\u00e0 sign\u00e9 un devis<\/option><\/select><\/div><div id=\"wpforms-279-field_8-container\" class=\"wpforms-field wpforms-field-radio\" data-field-id=\"8\"><fieldset><legend class=\"wpforms-field-label\">Quelle est la surface habitable du logement concern\u00e9 ?  <span class=\"wpforms-required-label\" aria-hidden=\"true\">*<\/span><\/legend><ul id=\"wpforms-279-field_8\" class=\"wpforms-field-required\"><li class=\"choice-1 depth-1\"><input type=\"radio\" id=\"wpforms-279-field_8_1\" name=\"wpforms[fields][8]\" value=\"Moins de 80 m2\" aria-errormessage=\"wpforms-279-field_8_1-error\" required ><label class=\"wpforms-field-label-inline\" for=\"wpforms-279-field_8_1\">Moins de 80 m2<\/label><\/li><li class=\"choice-2 depth-1\"><input type=\"radio\" id=\"wpforms-279-field_8_2\" name=\"wpforms[fields][8]\" value=\"80 \u00e0 130 m2\" aria-errormessage=\"wpforms-279-field_8_2-error\" required ><label class=\"wpforms-field-label-inline\" for=\"wpforms-279-field_8_2\">80 \u00e0 130 m2<\/label><\/li><li class=\"choice-3 depth-1\"><input type=\"radio\" id=\"wpforms-279-field_8_3\" name=\"wpforms[fields][8]\" value=\"130 \u00e0 180 m2\" aria-errormessage=\"wpforms-279-field_8_3-error\" required ><label class=\"wpforms-field-label-inline\" for=\"wpforms-279-field_8_3\">130 \u00e0 180 m2<\/label><\/li><li class=\"choice-4 depth-1\"><input type=\"radio\" id=\"wpforms-279-field_8_4\" name=\"wpforms[fields][8]\" value=\"180 \u00e0 250 m2\" aria-errormessage=\"wpforms-279-field_8_4-error\" required ><label class=\"wpforms-field-label-inline\" for=\"wpforms-279-field_8_4\">180 \u00e0 250 m2<\/label><\/li><li class=\"choice-5 depth-1\"><input type=\"radio\" id=\"wpforms-279-field_8_5\" name=\"wpforms[fields][8]\" value=\"+ de 250 m2\" aria-errormessage=\"wpforms-279-field_8_5-error\" required ><label class=\"wpforms-field-label-inline\" for=\"wpforms-279-field_8_5\">+ de 250 m2<\/label><\/li><\/ul><\/fieldset><\/div><div id=\"wpforms-279-field_9-container\" class=\"wpforms-field wpforms-field-radio\" data-field-id=\"9\"><fieldset><legend class=\"wpforms-field-label\">Quel est le mode de chauffage actuel du logement ?  <span class=\"wpforms-required-label\" aria-hidden=\"true\">*<\/span><\/legend><ul id=\"wpforms-279-field_9\" class=\"wpforms-field-required\"><li class=\"choice-1 depth-1\"><input type=\"radio\" id=\"wpforms-279-field_9_1\" name=\"wpforms[fields][9]\" value=\"Electrique\" aria-errormessage=\"wpforms-279-field_9_1-error\" required ><label class=\"wpforms-field-label-inline\" for=\"wpforms-279-field_9_1\">Electrique<\/label><\/li><li class=\"choice-2 depth-1\"><input type=\"radio\" id=\"wpforms-279-field_9_2\" name=\"wpforms[fields][9]\" value=\"Gaz\" aria-errormessage=\"wpforms-279-field_9_2-error\" required ><label class=\"wpforms-field-label-inline\" for=\"wpforms-279-field_9_2\">Gaz<\/label><\/li><li class=\"choice-3 depth-1\"><input type=\"radio\" id=\"wpforms-279-field_9_3\" name=\"wpforms[fields][9]\" value=\"Fioul\" aria-errormessage=\"wpforms-279-field_9_3-error\" required ><label class=\"wpforms-field-label-inline\" for=\"wpforms-279-field_9_3\">Fioul<\/label><\/li><li class=\"choice-4 depth-1\"><input type=\"radio\" id=\"wpforms-279-field_9_4\" name=\"wpforms[fields][9]\" value=\"Bois\" aria-errormessage=\"wpforms-279-field_9_4-error\" required ><label class=\"wpforms-field-label-inline\" for=\"wpforms-279-field_9_4\">Bois<\/label><\/li><li class=\"choice-5 depth-1\"><input type=\"radio\" id=\"wpforms-279-field_9_5\" name=\"wpforms[fields][9]\" value=\"Pompe \u00e0 chaleur\" aria-errormessage=\"wpforms-279-field_9_5-error\" required ><label class=\"wpforms-field-label-inline\" for=\"wpforms-279-field_9_5\">Pompe \u00e0 chaleur<\/label><\/li><li class=\"choice-6 depth-1\"><input type=\"radio\" id=\"wpforms-279-field_9_6\" name=\"wpforms[fields][9]\" value=\"Autre\" aria-errormessage=\"wpforms-279-field_9_6-error\" required ><label class=\"wpforms-field-label-inline\" for=\"wpforms-279-field_9_6\">Autre<\/label><\/li><\/ul><\/fieldset><\/div><div id=\"wpforms-279-field_10-container\" class=\"wpforms-field wpforms-field-radio\" data-field-id=\"10\"><fieldset><legend class=\"wpforms-field-label\">Ann\u00e9e de construction du logement : <span class=\"wpforms-required-label\" aria-hidden=\"true\">*<\/span><\/legend><ul id=\"wpforms-279-field_10\" class=\"wpforms-field-required\"><li class=\"choice-1 depth-1\"><input type=\"radio\" id=\"wpforms-279-field_10_1\" name=\"wpforms[fields][10]\" value=\"Avant 1975\" aria-errormessage=\"wpforms-279-field_10_1-error\" required ><label class=\"wpforms-field-label-inline\" for=\"wpforms-279-field_10_1\">Avant 1975<\/label><\/li><li class=\"choice-2 depth-1\"><input type=\"radio\" id=\"wpforms-279-field_10_2\" name=\"wpforms[fields][10]\" value=\"Entre 1975 et 2000\" aria-errormessage=\"wpforms-279-field_10_2-error\" required ><label class=\"wpforms-field-label-inline\" for=\"wpforms-279-field_10_2\">Entre 1975 et 2000<\/label><\/li><li class=\"choice-3 depth-1\"><input type=\"radio\" id=\"wpforms-279-field_10_3\" name=\"wpforms[fields][10]\" value=\"Entre 2001 et 2009\" aria-errormessage=\"wpforms-279-field_10_3-error\" required ><label class=\"wpforms-field-label-inline\" for=\"wpforms-279-field_10_3\">Entre 2001 et 2009<\/label><\/li><li class=\"choice-4 depth-1\"><input type=\"radio\" id=\"wpforms-279-field_10_4\" name=\"wpforms[fields][10]\" value=\"Apr\u00e8s 2009\" aria-errormessage=\"wpforms-279-field_10_4-error\" required ><label class=\"wpforms-field-label-inline\" for=\"wpforms-279-field_10_4\">Apr\u00e8s 2009<\/label><\/li><\/ul><\/fieldset><\/div><div id=\"wpforms-279-field_11-container\" class=\"wpforms-field wpforms-field-select wpforms-field-select-style-classic\" data-field-id=\"11\"><label class=\"wpforms-field-label\" for=\"wpforms-279-field_11\">Quelle est la classe \u00e9nerg\u00e9tique du logement concern\u00e9 ? La classe \u00e9nerg\u00e9tique du logement correspond \u00e0 son \u00e9tiquette DPE <span class=\"wpforms-required-label\" aria-hidden=\"true\">*<\/span><\/label><select id=\"wpforms-279-field_11\" class=\"wpforms-field-medium wpforms-field-required\" name=\"wpforms[fields][11]\" required=\"required\"><option value=\"\" class=\"placeholder\" disabled  selected='selected'>&#8212; S\u00e9lectionner un choix &#8212;<\/option><option value=\"A\" >A<\/option><option value=\"B\" >B<\/option><option value=\"C\" >C<\/option><option value=\"D\" >D<\/option><option value=\"E\" >E<\/option><option value=\"F\" >F<\/option><option value=\"G\" >G<\/option><option value=\"JE NE SAIS PAS\" >JE NE SAIS PAS<\/option><\/select><\/div><div id=\"wpforms-279-field_12-container\" class=\"wpforms-field wpforms-field-select wpforms-field-select-style-classic\" data-field-id=\"12\"><label class=\"wpforms-field-label\" for=\"wpforms-279-field_12\">Quels travaux envisagez-vous de r\u00e9aliser ? Rassurez-vous, ce choix n\u2019est pas d\u00e9finitif. Ce dernier est une simple indication et vous pourrez en discuter avec un conseiller.  <span class=\"wpforms-required-label\" aria-hidden=\"true\">*<\/span><\/label><select id=\"wpforms-279-field_12\" class=\"wpforms-field-medium wpforms-field-required\" name=\"wpforms[fields][12]\" required=\"required\"><option value=\"R\u00e9novation globale : isolation + chauffage+solaire+VMC\" >R\u00e9novation globale : isolation + chauffage+solaire+VMC<\/option><option value=\"Isolation des combles\" >Isolation des combles<\/option><option value=\"Isolation des murs ext\u00e9rieurs (ITE)\" >Isolation des murs ext\u00e9rieurs (ITE)<\/option><option value=\"Isolation des murs int\u00e9rieurs\" >Isolation des murs int\u00e9rieurs<\/option><option value=\"Isolation du sous-sol\" >Isolation du sous-sol<\/option><option value=\"Panneaux photovolta\u00efques\" >Panneaux photovolta\u00efques<\/option><option value=\"Changement de syst\u00e8me de chauffage\" >Changement de syst\u00e8me de chauffage<\/option><option value=\"Remplacement des f\u00eanetres\" >Remplacement des f\u00eanetres<\/option><\/select><\/div><\/div><!-- .wpforms-field-container --><div class=\"wpforms-submit-container\" ><input type=\"hidden\" name=\"wpforms[id]\" value=\"279\"><input type=\"hidden\" name=\"page_title\" value=\"\"><input type=\"hidden\" name=\"page_url\" value=\"https:\/\/verteliorenov.fr\/index.php?rest_route=\/wp\/v2\/pages\/12\"><input type=\"hidden\" name=\"url_referer\" value=\"\"><button type=\"submit\" name=\"wpforms[submit]\" id=\"wpforms-submit-279\" class=\"wpforms-submit\" data-alt-text=\"Envoi...\" data-submit-text=\"Envoyer\" aria-live=\"assertive\" value=\"wpforms-submit\">Envoyer<\/button><img loading=\"lazy\" decoding=\"async\" src=\"https:\/\/verteliorenov.fr\/wp-content\/plugins\/wpforms-lite\/assets\/images\/submit-spin.svg\" class=\"wpforms-submit-spinner\" style=\"display: none;\" width=\"26\" height=\"26\" alt=\"Loading\"><\/div><\/form><\/div>  <!-- .wpforms-container -->","protected":false},"excerpt":{"rendered":"","protected":false},"author":1,"featured_media":0,"parent":0,"menu_order":0,"comment_status":"closed","ping_status":"closed","template":"","meta":{"footnotes":""},"class_list":["post-12","page","type-page","status-publish","hentry"],"_links":{"self":[{"href":"https:\/\/verteliorenov.fr\/index.php?rest_route=\/wp\/v2\/pages\/12","targetHints":{"allow":["GET"]}}],"collection":[{"href":"https:\/\/verteliorenov.fr\/index.php?rest_route=\/wp\/v2\/pages"}],"about":[{"href":"https:\/\/verteliorenov.fr\/index.php?rest_route=\/wp\/v2\/types\/page"}],"author":[{"embeddable":true,"href":"https:\/\/verteliorenov.fr\/index.php?rest_route=\/wp\/v2\/users\/1"}],"replies":[{"embeddable":true,"href":"https:\/\/verteliorenov.fr\/index.php?rest_route=%2Fwp%2Fv2%2Fcomments&post=12"}],"version-history":[{"count":1,"href":"https:\/\/verteliorenov.fr\/index.php?rest_route=\/wp\/v2\/pages\/12\/revisions"}],"predecessor-version":[{"id":283,"href":"https:\/\/verteliorenov.fr\/index.php?rest_route=\/wp\/v2\/pages\/12\/revisions\/283"}],"wp:attachment":[{"href":"https:\/\/verteliorenov.fr\/index.php?rest_route=%2Fwp%2Fv2%2Fmedia&parent=12"}],"curies":[{"name":"wp","href":"https:\/\/api.w.org\/{rel}","templated":true}]}}