{"id":174,"date":"2025-06-03T19:44:13","date_gmt":"2025-06-03T17:44:13","guid":{"rendered":"https:\/\/verteliorenov.fr\/?page_id=174"},"modified":"2025-06-03T20:18:01","modified_gmt":"2025-06-03T18:18:01","slug":"quelles-solutions-pouvons-nous-vous-apporter","status":"publish","type":"page","link":"https:\/\/verteliorenov.fr\/?page_id=174","title":{"rendered":"QUELLES SOLUTIONS POUVONS-NOUS VOUS APPORTER ?"},"content":{"rendered":"\n<div class=\"wp-block-group alignfull has-global-padding is-layout-constrained wp-container-core-group-is-layout-669513ed wp-block-group-is-layout-constrained\" style=\"margin-top:0;margin-bottom:0;padding-top:var(--wp--preset--spacing--50);padding-right:var(--wp--preset--spacing--50);padding-bottom:var(--wp--preset--spacing--50);padding-left:var(--wp--preset--spacing--50)\">\n<div class=\"wp-block-columns alignwide is-layout-flex wp-container-core-columns-is-layout-4935966c wp-block-columns-is-layout-flex\" style=\"padding-right:0;padding-left:0\">\n<div class=\"wp-block-column is-layout-flow wp-block-column-is-layout-flow\">\n<figure class=\"wp-block-image size-full is-style-rounded is-style-rounded--1\"><img loading=\"lazy\" decoding=\"async\" width=\"1200\" height=\"800\" src=\"https:\/\/verteliorenov.fr\/wp-content\/uploads\/2025\/06\/Isolation-thermique-par-linterieur-et-lexterieur-prix-avis-et-conseils-scaled-1.jpg\" alt=\"\" class=\"wp-image-179\" style=\"aspect-ratio:1;object-fit:cover\" srcset=\"https:\/\/verteliorenov.fr\/wp-content\/uploads\/2025\/06\/Isolation-thermique-par-linterieur-et-lexterieur-prix-avis-et-conseils-scaled-1.jpg 1200w, https:\/\/verteliorenov.fr\/wp-content\/uploads\/2025\/06\/Isolation-thermique-par-linterieur-et-lexterieur-prix-avis-et-conseils-scaled-1-300x200.jpg 300w, https:\/\/verteliorenov.fr\/wp-content\/uploads\/2025\/06\/Isolation-thermique-par-linterieur-et-lexterieur-prix-avis-et-conseils-scaled-1-1024x683.jpg 1024w, https:\/\/verteliorenov.fr\/wp-content\/uploads\/2025\/06\/Isolation-thermique-par-linterieur-et-lexterieur-prix-avis-et-conseils-scaled-1-768x512.jpg 768w\" sizes=\"auto, (max-width: 1200px) 100vw, 1200px\" \/><\/figure>\n\n\n\n<div class=\"wp-block-group is-vertical is-content-justification-center is-nowrap is-layout-flex wp-container-core-group-is-layout-21d4e958 wp-block-group-is-layout-flex\">\n<div class=\"wp-block-buttons is-layout-flex wp-block-buttons-is-layout-flex\">\n<div class=\"wp-block-button\"><a class=\"wp-block-button__link wp-element-button\" href=\"https:\/\/verteliorenov.fr\/?page_id=183\">ISOLATION<\/a><\/div>\n<\/div>\n<\/div>\n<\/div>\n\n\n\n<div class=\"wp-block-column is-layout-flow wp-block-column-is-layout-flow\">\n<figure class=\"wp-block-image size-full is-style-rounded is-style-rounded--2\"><img loading=\"lazy\" decoding=\"async\" width=\"630\" height=\"410\" src=\"https:\/\/verteliorenov.fr\/wp-content\/uploads\/2025\/06\/une-regulation-chauffage.jpg\" alt=\"\" class=\"wp-image-180\" style=\"aspect-ratio:1;object-fit:cover\" srcset=\"https:\/\/verteliorenov.fr\/wp-content\/uploads\/2025\/06\/une-regulation-chauffage.jpg 630w, https:\/\/verteliorenov.fr\/wp-content\/uploads\/2025\/06\/une-regulation-chauffage-300x195.jpg 300w\" sizes=\"auto, (max-width: 630px) 100vw, 630px\" \/><\/figure>\n\n\n\n<div class=\"wp-block-group is-vertical is-content-justification-center is-nowrap is-layout-flex wp-container-core-group-is-layout-63bfd6c1 wp-block-group-is-layout-flex\">\n<div class=\"wp-block-buttons is-layout-flex wp-block-buttons-is-layout-flex\">\n<div class=\"wp-block-button\"><a class=\"wp-block-button__link wp-element-button\" href=\"https:\/\/verteliorenov.fr\/?page_id=199\">CHAUFFAGE<\/a><\/div>\n<\/div>\n<\/div>\n<\/div>\n\n\n\n<div class=\"wp-block-column is-layout-flow wp-block-column-is-layout-flow\">\n<figure class=\"wp-block-image size-full is-style-rounded is-style-rounded--3\"><img loading=\"lazy\" decoding=\"async\" width=\"2560\" height=\"1440\" src=\"https:\/\/verteliorenov.fr\/wp-content\/uploads\/2025\/06\/panneaux-solaires-toit-cellule-photovoltaique-scaled-1.jpg\" alt=\"\" class=\"wp-image-181\" style=\"aspect-ratio:1;object-fit:cover\" srcset=\"https:\/\/verteliorenov.fr\/wp-content\/uploads\/2025\/06\/panneaux-solaires-toit-cellule-photovoltaique-scaled-1.jpg 2560w, https:\/\/verteliorenov.fr\/wp-content\/uploads\/2025\/06\/panneaux-solaires-toit-cellule-photovoltaique-scaled-1-300x169.jpg 300w, https:\/\/verteliorenov.fr\/wp-content\/uploads\/2025\/06\/panneaux-solaires-toit-cellule-photovoltaique-scaled-1-1024x576.jpg 1024w, https:\/\/verteliorenov.fr\/wp-content\/uploads\/2025\/06\/panneaux-solaires-toit-cellule-photovoltaique-scaled-1-768x432.jpg 768w, https:\/\/verteliorenov.fr\/wp-content\/uploads\/2025\/06\/panneaux-solaires-toit-cellule-photovoltaique-scaled-1-1536x864.jpg 1536w, https:\/\/verteliorenov.fr\/wp-content\/uploads\/2025\/06\/panneaux-solaires-toit-cellule-photovoltaique-scaled-1-2048x1152.jpg 2048w\" sizes=\"auto, (max-width: 2560px) 100vw, 2560px\" \/><\/figure>\n\n\n\n<div class=\"wp-block-group is-vertical is-content-justification-center is-nowrap is-layout-flex wp-container-core-group-is-layout-63bfd6c1 wp-block-group-is-layout-flex\">\n<div class=\"wp-block-buttons is-layout-flex wp-block-buttons-is-layout-flex\">\n<div class=\"wp-block-button\"><a class=\"wp-block-button__link wp-element-button\" href=\"https:\/\/verteliorenov.fr\/?page_id=210\">SOLAIRE<\/a><\/div>\n<\/div>\n<\/div>\n<\/div>\n\n\n\n<div class=\"wp-block-column is-layout-flow wp-block-column-is-layout-flow\">\n<figure class=\"wp-block-image size-full is-style-rounded is-style-rounded--4\"><img loading=\"lazy\" decoding=\"async\" width=\"1200\" height=\"801\" src=\"https:\/\/verteliorenov.fr\/wp-content\/uploads\/2025\/06\/deux-hommes-casques-travaux-renovation-maison-plans.jpeg.webp\" alt=\"\" class=\"wp-image-182\" style=\"aspect-ratio:1;object-fit:cover\" srcset=\"https:\/\/verteliorenov.fr\/wp-content\/uploads\/2025\/06\/deux-hommes-casques-travaux-renovation-maison-plans.jpeg.webp 1200w, https:\/\/verteliorenov.fr\/wp-content\/uploads\/2025\/06\/deux-hommes-casques-travaux-renovation-maison-plans.jpeg-300x200.webp 300w, https:\/\/verteliorenov.fr\/wp-content\/uploads\/2025\/06\/deux-hommes-casques-travaux-renovation-maison-plans.jpeg-1024x684.webp 1024w, https:\/\/verteliorenov.fr\/wp-content\/uploads\/2025\/06\/deux-hommes-casques-travaux-renovation-maison-plans.jpeg-768x513.webp 768w\" sizes=\"auto, (max-width: 1200px) 100vw, 1200px\" \/><\/figure>\n\n\n\n<div class=\"wp-block-group is-vertical is-content-justification-center is-nowrap is-layout-flex wp-container-core-group-is-layout-21d4e958 wp-block-group-is-layout-flex\">\n<div class=\"wp-block-buttons is-layout-flex wp-block-buttons-is-layout-flex\">\n<div class=\"wp-block-button\"><a class=\"wp-block-button__link wp-element-button\" href=\"https:\/\/verteliorenov.fr\/?page_id=216\"><strong>RENOVATION d&#8217;AMPLEUR<\/strong><\/a><\/div>\n<\/div>\n<\/div>\n<\/div>\n<\/div>\n\n\n\n<p><strong>\ud83e\uddf1 L\u2019Isolation Thermique : qu\u2019est-ce que c\u2019est ?<\/strong><\/p>\n\n\n\n<p>L\u2019isolation thermique consiste \u00e0 limiter les pertes de chaleur d\u2019un b\u00e2timent afin d\u2019am\u00e9liorer son confort en hiver comme en \u00e9t\u00e9, de r\u00e9duire les consommations d\u2019\u00e9nergie, et de pr\u00e9server l\u2019environnement.<\/p>\n\n\n\n<p>Une bonne isolation est la base d\u2019une r\u00e9novation \u00e9nerg\u00e9tique performante. Elle permet de r\u00e9duire jusqu\u2019\u00e0 30 \u00e0 40 % les d\u00e9perditions de chaleur dans une maison mal isol\u00e9e.<\/p>\n\n\n\n<p><strong>\ud83d\udd25 Le Chauffage : performance, confort et \u00e9conomies<\/strong><\/p>\n\n\n\n<p>Le chauffage est un pilier central de votre confort au quotidien. En choisissant des \u00e9quipements modernes, performants et \u00e9conomes en \u00e9nergie, vous r\u00e9duisez vos factures, am\u00e9liorez votre confort thermique et valorisez durablement votre bien immobilier.<\/p>\n\n\n\n<p>Voici un tour d\u2019horizon des principales solutions de chauffage que nous installons, avec les avantages de chacune, leur fonctionnement et les aides disponibles.<\/p>\n\n\n\n<p><strong>\u2600\ufe0f Le Solaire : l\u2019\u00e9nergie naturelle au service de votre maison<\/strong><\/p>\n\n\n\n<p>Le solaire est une solution performante, \u00e9cologique et rentable pour produire votre propre \u00e9lectricit\u00e9 ou votre eau chaude, tout en r\u00e9duisant consid\u00e9rablement vos factures. En captant l\u2019\u00e9nergie gratuite du soleil, vous contribuez activement \u00e0 la transition \u00e9nerg\u00e9tique, tout en valorisant durablement votre logement.<\/p>\n\n\n\n<p><strong>\ud83c\udfe1 R\u00e9novation d\u2019ampleur<\/strong><strong>&nbsp; <\/strong><strong>: repensez votre habitat de fond en comble<\/strong><\/p>\n\n\n\n<p>Une r\u00e9novation d\u2019ampleur consiste \u00e0 r\u00e9aliser plusieurs travaux \u00e9nerg\u00e9tiques en une seule op\u00e9ration, afin de transformer votre logement en profondeur : meilleure isolation, nouveau syst\u00e8me de chauffage, ventilation performante, etc. L\u2019objectif : am\u00e9liorer fortement la performance \u00e9nerg\u00e9tique de votre bien, augmenter sa valeur, et r\u00e9duire durablement vos factures.<\/p>\n<\/div>\n","protected":false},"excerpt":{"rendered":"<p>\ud83e\uddf1 L\u2019Isolation Thermique : qu\u2019est-ce que c\u2019est ? L\u2019isolation thermique consiste \u00e0 limiter les pertes de chaleur d\u2019un b\u00e2timent afin d\u2019am\u00e9liorer son confort en hiver comme en \u00e9t\u00e9, de r\u00e9duire les consommations d\u2019\u00e9nergie, et de pr\u00e9server l\u2019environnement. Une bonne isolation est la base d\u2019une r\u00e9novation \u00e9nerg\u00e9tique performante. Elle permet de r\u00e9duire jusqu\u2019\u00e0 30 \u00e0 40 [&hellip;]<\/p>\n","protected":false},"author":1,"featured_media":0,"parent":0,"menu_order":0,"comment_status":"closed","ping_status":"closed","template":"","meta":{"footnotes":""},"class_list":["post-174","page","type-page","status-publish","hentry"],"_links":{"self":[{"href":"https:\/\/verteliorenov.fr\/index.php?rest_route=\/wp\/v2\/pages\/174","targetHints":{"allow":["GET"]}}],"collection":[{"href":"https:\/\/verteliorenov.fr\/index.php?rest_route=\/wp\/v2\/pages"}],"about":[{"href":"https:\/\/verteliorenov.fr\/index.php?rest_route=\/wp\/v2\/types\/page"}],"author":[{"embeddable":true,"href":"https:\/\/verteliorenov.fr\/index.php?rest_route=\/wp\/v2\/users\/1"}],"replies":[{"embeddable":true,"href":"https:\/\/verteliorenov.fr\/index.php?rest_route=%2Fwp%2Fv2%2Fcomments&post=174"}],"version-history":[{"count":8,"href":"https:\/\/verteliorenov.fr\/index.php?rest_route=\/wp\/v2\/pages\/174\/revisions"}],"predecessor-version":[{"id":222,"href":"https:\/\/verteliorenov.fr\/index.php?rest_route=\/wp\/v2\/pages\/174\/revisions\/222"}],"wp:attachment":[{"href":"https:\/\/verteliorenov.fr\/index.php?rest_route=%2Fwp%2Fv2%2Fmedia&parent=174"}],"curies":[{"name":"wp","href":"https:\/\/api.w.org\/{rel}","templated":true}]}}