{"id":228,"date":"2025-06-07T23:34:44","date_gmt":"2025-06-07T21:34:44","guid":{"rendered":"https:\/\/verteliorenov.fr\/?page_id=228"},"modified":"2025-06-09T00:10:57","modified_gmt":"2025-06-08T22:10:57","slug":"quelles-sont-les-aides-et-subventions-disponibles","status":"publish","type":"page","link":"https:\/\/verteliorenov.fr\/?page_id=228","title":{"rendered":"QUELLES SONT LES AIDES ET  SUBVENTIONS DISPONIBLES ?"},"content":{"rendered":"\n<div class=\"wp-block-group alignfull has-global-padding is-layout-constrained wp-container-core-group-is-layout-490fa1db wp-block-group-is-layout-constrained\" style=\"padding-top:var(--wp--preset--spacing--50);padding-right:var(--wp--preset--spacing--50);padding-bottom:var(--wp--preset--spacing--50);padding-left:var(--wp--preset--spacing--50)\">\n<div class=\"wp-block-group has-global-padding is-layout-constrained wp-container-core-group-is-layout-650790e1 wp-block-group-is-layout-constrained\">\n<h1 class=\"wp-block-heading has-text-align-center has-x-large-font-size\"><strong>\ud83c\udfe1 Les aides \u00e0 la r\u00e9novation \u00e9nerg\u00e9tique<\/strong><\/h1>\n\n\n\n<div style=\"height:1.25rem\" aria-hidden=\"true\" class=\"wp-block-spacer\"><\/div>\n\n\n\n<p class=\"has-text-align-center\">Gr\u00e2ce au soutien de l\u2019\u00c9tat et des collectivit\u00e9s, il est aujourd\u2019hui plus simple et avantageux de r\u00e9nover votre logement. Plusieurs dispositifs permettent de r\u00e9duire consid\u00e9rablement le co\u00fbt de vos travaux, voire de les rendre quasiment gratuits selon votre situation.<\/p>\n<\/div>\n\n\n\n<div class=\"wp-block-group is-content-justification-center is-nowrap is-layout-flex wp-container-core-group-is-layout-23441af8 wp-block-group-is-layout-flex\">\n<figure class=\"wp-block-image size-large is-resized is-style-rounded is-style-rounded--1\"><img loading=\"lazy\" decoding=\"async\" width=\"1024\" height=\"615\" src=\"https:\/\/verteliorenov.fr\/wp-content\/uploads\/2025\/06\/mag-poujoulat-choisir-energie-1024x615.jpg\" alt=\"\" class=\"wp-image-229\" style=\"width:319px;height:auto\" srcset=\"https:\/\/verteliorenov.fr\/wp-content\/uploads\/2025\/06\/mag-poujoulat-choisir-energie-1024x615.jpg 1024w, https:\/\/verteliorenov.fr\/wp-content\/uploads\/2025\/06\/mag-poujoulat-choisir-energie-300x180.jpg 300w, https:\/\/verteliorenov.fr\/wp-content\/uploads\/2025\/06\/mag-poujoulat-choisir-energie-768x461.jpg 768w, https:\/\/verteliorenov.fr\/wp-content\/uploads\/2025\/06\/mag-poujoulat-choisir-energie.jpg 1127w\" sizes=\"auto, (max-width: 1024px) 100vw, 1024px\" \/><\/figure>\n\n\n\n<figure class=\"wp-block-image size-full is-resized is-style-rounded is-style-rounded--2\"><img loading=\"lazy\" decoding=\"async\" width=\"612\" height=\"408\" src=\"https:\/\/verteliorenov.fr\/wp-content\/uploads\/2025\/06\/istockphoto-185121887-612x612-1.jpg\" alt=\"\" class=\"wp-image-230\" style=\"width:289px;height:auto\" srcset=\"https:\/\/verteliorenov.fr\/wp-content\/uploads\/2025\/06\/istockphoto-185121887-612x612-1.jpg 612w, https:\/\/verteliorenov.fr\/wp-content\/uploads\/2025\/06\/istockphoto-185121887-612x612-1-300x200.jpg 300w\" sizes=\"auto, (max-width: 612px) 100vw, 612px\" \/><\/figure>\n\n\n\n<figure class=\"wp-block-image size-full is-resized is-style-rounded is-style-rounded--3\"><img loading=\"lazy\" decoding=\"async\" width=\"735\" height=\"530\" src=\"https:\/\/verteliorenov.fr\/wp-content\/uploads\/2025\/06\/location-735x530_1-1.jpg\" alt=\"\" class=\"wp-image-232\" style=\"width:247px;height:auto\" srcset=\"https:\/\/verteliorenov.fr\/wp-content\/uploads\/2025\/06\/location-735x530_1-1.jpg 735w, https:\/\/verteliorenov.fr\/wp-content\/uploads\/2025\/06\/location-735x530_1-1-300x216.jpg 300w\" sizes=\"auto, (max-width: 735px) 100vw, 735px\" \/><\/figure>\n\n\n\n<figure class=\"wp-block-image size-large is-resized is-style-rounded is-style-rounded--4\"><img loading=\"lazy\" decoding=\"async\" width=\"1024\" height=\"768\" src=\"https:\/\/verteliorenov.fr\/wp-content\/uploads\/2025\/06\/2826r-1024x768.jpg\" alt=\"\" class=\"wp-image-233\" style=\"width:244px;height:auto\" srcset=\"https:\/\/verteliorenov.fr\/wp-content\/uploads\/2025\/06\/2826r-1024x768.jpg 1024w, https:\/\/verteliorenov.fr\/wp-content\/uploads\/2025\/06\/2826r-300x225.jpg 300w, https:\/\/verteliorenov.fr\/wp-content\/uploads\/2025\/06\/2826r-768x576.jpg 768w, https:\/\/verteliorenov.fr\/wp-content\/uploads\/2025\/06\/2826r.jpg 1280w\" sizes=\"auto, (max-width: 1024px) 100vw, 1024px\" \/><\/figure>\n<\/div>\n\n\n\n<div class=\"wp-block-group is-content-justification-center is-nowrap is-layout-flex wp-container-core-group-is-layout-23441af8 wp-block-group-is-layout-flex\">\n<div class=\"wp-block-buttons wp-container-content-72558541 is-content-justification-center is-layout-flex wp-container-core-buttons-is-layout-a89b3969 wp-block-buttons-is-layout-flex\">\n<div class=\"wp-block-button\"><a class=\"wp-block-button__link wp-element-button\" href=\"https:\/\/verteliorenov.fr\/?page_id=239\">ma prime renov&#8217;<\/a><\/div>\n<\/div>\n\n\n\n<div class=\"wp-block-buttons wp-container-content-72558541 is-content-justification-center is-layout-flex wp-container-core-buttons-is-layout-a89b3969 wp-block-buttons-is-layout-flex\">\n<div class=\"wp-block-button\"><a class=\"wp-block-button__link wp-element-button\" href=\"https:\/\/verteliorenov.fr\/?page_id=255\">\u00e9co-ptz<\/a><\/div>\n<\/div>\n\n\n\n<div class=\"wp-block-buttons wp-container-content-51391220 is-content-justification-left is-layout-flex wp-container-core-buttons-is-layout-0e5a4d8e wp-block-buttons-is-layout-flex\">\n<div class=\"wp-block-button\"><a class=\"wp-block-button__link wp-element-button\"><strong>AIDE AU FINANCEMENT DE L\u2019AUDIT \u00c9NERG\u00c9TIQUE ET DU DPE<\/strong><\/a><\/div>\n<\/div>\n\n\n\n<div class=\"wp-block-buttons wp-container-content-72558541 is-content-justification-center is-layout-flex wp-container-core-buttons-is-layout-a89b3969 wp-block-buttons-is-layout-flex\">\n<div class=\"wp-block-button is-style-fill\"><a class=\"wp-block-button__link wp-element-button\" href=\"https:\/\/verteliorenov.fr\/?page_id=267\">cee<\/a><\/div>\n<\/div>\n<\/div>\n\n\n\n<h2 class=\"wp-block-heading has-text-align-center\"><strong>\u2705Cumulez les aides pour all\u00e9ger au maximum le co\u00fbt de vos travaux !<\/strong><\/h2>\n<\/div>\n\n\n\n<figure class=\"wp-block-image alignwide size-large is-style-rounded is-style-rounded--5\"><img loading=\"lazy\" decoding=\"async\" width=\"1024\" height=\"576\" src=\"https:\/\/verteliorenov.fr\/wp-content\/uploads\/2025\/06\/AIDE-BIS-1024x576.png\" alt=\"\" class=\"wp-image-364\" srcset=\"https:\/\/verteliorenov.fr\/wp-content\/uploads\/2025\/06\/AIDE-BIS-1024x576.png 1024w, https:\/\/verteliorenov.fr\/wp-content\/uploads\/2025\/06\/AIDE-BIS-300x169.png 300w, https:\/\/verteliorenov.fr\/wp-content\/uploads\/2025\/06\/AIDE-BIS-768x432.png 768w, https:\/\/verteliorenov.fr\/wp-content\/uploads\/2025\/06\/AIDE-BIS-1536x864.png 1536w, https:\/\/verteliorenov.fr\/wp-content\/uploads\/2025\/06\/AIDE-BIS.png 1920w\" sizes=\"auto, (max-width: 1024px) 100vw, 1024px\" \/><\/figure>\n","protected":false},"excerpt":{"rendered":"<p>\ud83c\udfe1 Les aides \u00e0 la r\u00e9novation \u00e9nerg\u00e9tique Gr\u00e2ce au soutien de l\u2019\u00c9tat et des collectivit\u00e9s, il est aujourd\u2019hui plus simple et avantageux de r\u00e9nover votre logement. Plusieurs dispositifs permettent de r\u00e9duire consid\u00e9rablement le co\u00fbt de vos travaux, voire de les rendre quasiment gratuits selon votre situation. \u2705Cumulez les aides pour all\u00e9ger au maximum le co\u00fbt [&hellip;]<\/p>\n","protected":false},"author":1,"featured_media":0,"parent":0,"menu_order":0,"comment_status":"closed","ping_status":"closed","template":"","meta":{"footnotes":""},"class_list":["post-228","page","type-page","status-publish","hentry"],"_links":{"self":[{"href":"https:\/\/verteliorenov.fr\/index.php?rest_route=\/wp\/v2\/pages\/228","targetHints":{"allow":["GET"]}}],"collection":[{"href":"https:\/\/verteliorenov.fr\/index.php?rest_route=\/wp\/v2\/pages"}],"about":[{"href":"https:\/\/verteliorenov.fr\/index.php?rest_route=\/wp\/v2\/types\/page"}],"author":[{"embeddable":true,"href":"https:\/\/verteliorenov.fr\/index.php?rest_route=\/wp\/v2\/users\/1"}],"replies":[{"embeddable":true,"href":"https:\/\/verteliorenov.fr\/index.php?rest_route=%2Fwp%2Fv2%2Fcomments&post=228"}],"version-history":[{"count":9,"href":"https:\/\/verteliorenov.fr\/index.php?rest_route=\/wp\/v2\/pages\/228\/revisions"}],"predecessor-version":[{"id":412,"href":"https:\/\/verteliorenov.fr\/index.php?rest_route=\/wp\/v2\/pages\/228\/revisions\/412"}],"wp:attachment":[{"href":"https:\/\/verteliorenov.fr\/index.php?rest_route=%2Fwp%2Fv2%2Fmedia&parent=228"}],"curies":[{"name":"wp","href":"https:\/\/api.w.org\/{rel}","templated":true}]}}