{"id":239,"date":"2025-06-07T23:56:28","date_gmt":"2025-06-07T21:56:28","guid":{"rendered":"https:\/\/verteliorenov.fr\/?page_id=239"},"modified":"2025-06-09T00:04:52","modified_gmt":"2025-06-08T22:04:52","slug":"%f0%9f%94%b6-maprimerenov-laide-phare-de-letat","status":"publish","type":"page","link":"https:\/\/verteliorenov.fr\/?page_id=239","title":{"rendered":"\ud83d\udd36 MaPrimeR\u00e9nov\u2019 : l\u2019aide phare de l\u2019\u00c9tat"},"content":{"rendered":"\n<div class=\"wp-block-group alignfull has-custom-color-4-background-color has-background has-global-padding is-layout-constrained wp-container-core-group-is-layout-669513ed wp-block-group-is-layout-constrained\" style=\"margin-top:0;margin-bottom:0;padding-top:var(--wp--preset--spacing--50);padding-right:var(--wp--preset--spacing--50);padding-bottom:var(--wp--preset--spacing--50);padding-left:var(--wp--preset--spacing--50)\">\n<div class=\"wp-block-columns alignwide is-layout-flex wp-container-core-columns-is-layout-28f84493 wp-block-columns-is-layout-flex\">\n<div class=\"wp-block-column is-layout-flow wp-block-column-is-layout-flow\" style=\"flex-basis:40%\">\n<p class=\"wp-container-content-0733e5d0\"><\/p>\n<\/div>\n\n\n\n<div class=\"wp-block-column is-layout-flow wp-block-column-is-layout-flow\" style=\"flex-basis:60%\">\n<p class=\"has-custom-color-5-color has-text-color has-link-color has-heading-font-family has-x-large-font-size wp-elements-c2674e1c616ecde7e2e5be7d0c1ff957\" style=\"line-height:1.2\"><strong>MaPrimeR\u00e9nov\u2019 est une aide financi\u00e8re mise en place par l\u2019Anah (Agence nationale de l\u2019habitat), accessible \u00e0 tous les propri\u00e9taires, quels que soient leurs revenus.<\/strong><\/p>\n<\/div>\n<\/div>\n\n\n\n<div style=\"height:var(--wp--preset--spacing--40)\" aria-hidden=\"true\" class=\"wp-block-spacer\"><\/div>\n\n\n\n<figure class=\"wp-block-image aligncenter size-full is-resized is-style-rounded is-style-rounded--1\"><img loading=\"lazy\" decoding=\"async\" width=\"788\" height=\"393\" src=\"http:\/\/verteliorenov.fr\/wp-content\/uploads\/2025\/06\/maprimerenov-002.png\" alt=\"\" class=\"wp-image-243\" style=\"width:1155px;height:auto\" srcset=\"https:\/\/verteliorenov.fr\/wp-content\/uploads\/2025\/06\/maprimerenov-002.png 788w, https:\/\/verteliorenov.fr\/wp-content\/uploads\/2025\/06\/maprimerenov-002-300x150.png 300w, https:\/\/verteliorenov.fr\/wp-content\/uploads\/2025\/06\/maprimerenov-002-768x383.png 768w\" sizes=\"auto, (max-width: 788px) 100vw, 788px\" \/><\/figure>\n<\/div>\n\n\n\n<div class=\"wp-block-group alignfull has-base-background-color has-background has-global-padding is-layout-constrained wp-container-core-group-is-layout-d89aad35 wp-block-group-is-layout-constrained\" style=\"margin-top:0;margin-bottom:0;padding-top:var(--wp--preset--spacing--50);padding-right:var(--wp--preset--spacing--50);padding-bottom:var(--wp--preset--spacing--50);padding-left:var(--wp--preset--spacing--50)\">\n<div class=\"wp-block-columns alignwide is-layout-flex wp-container-core-columns-is-layout-549b0c86 wp-block-columns-is-layout-flex\">\n<div class=\"wp-block-column has-global-padding is-content-justification-left is-layout-constrained wp-container-core-column-is-layout-4f15e8fe wp-block-column-is-layout-constrained\" style=\"flex-basis:40%\">\n<p><\/p>\n<\/div>\n\n\n\n<div class=\"wp-block-column is-layout-flow wp-container-core-column-is-layout-119bc444 wp-block-column-is-layout-flow\" style=\"flex-basis:60%\">\n<p class=\"has-base-2-color has-custom-color-5-background-color has-text-color has-background has-link-color has-heading-font-family has-x-large-font-size wp-elements-00d71c2f55df56950bf0fc69c597207b\" style=\"line-height:1.2\"><strong>\u2705 Ce qu\u2019elle finance :<\/strong><\/p>\n\n\n\n<div class=\"wp-block-columns is-layout-flex wp-container-core-columns-is-layout-87beb0d0 wp-block-columns-is-layout-flex\">\n<div class=\"wp-block-column is-layout-flow wp-block-column-is-layout-flow\">\n<ul class=\"wp-block-list\">\n<li>Isolation (combles, murs, toitures, planchers)<\/li>\n\n\n\n<li>Remplacement de syst\u00e8me de chauffage (PAC, chaudi\u00e8re, po\u00eale\u2026)<\/li>\n<\/ul>\n<\/div>\n\n\n\n<div class=\"wp-block-column is-layout-flow wp-block-column-is-layout-flow\">\n<ul class=\"wp-block-list\">\n<li>Ventilation<\/li>\n\n\n\n<li>\u00c9nergies renouvelables (solaire thermique)<\/li>\n\n\n\n<li>Audit \u00e9nerg\u00e9tique<\/li>\n<\/ul>\n<\/div>\n<\/div>\n<\/div>\n<\/div>\n<\/div>\n\n\n\n<div class=\"wp-block-cover alignfull is-light has-parallax\" style=\"padding-top:var(--wp--preset--spacing--50);padding-right:var(--wp--preset--spacing--50);padding-bottom:var(--wp--preset--spacing--50);padding-left:var(--wp--preset--spacing--50);min-height:100px;aspect-ratio:unset;\"><div class=\"wp-block-cover__image-background wp-image-242 size-large has-parallax\" style=\"background-position:50% 50%;background-image:url(https:\/\/verteliorenov.fr\/wp-content\/uploads\/2025\/06\/travaux-de-renovation-energetique-1024x576.jpeg)\"><\/div><span aria-hidden=\"true\" class=\"wp-block-cover__background has-base-background-color has-background-dim-0 has-background-dim\"><\/span><div class=\"wp-block-cover__inner-container has-global-padding is-layout-constrained wp-container-core-cover-is-layout-e4fd886c wp-block-cover-is-layout-constrained\">\n<div style=\"height:500px\" aria-hidden=\"true\" class=\"wp-block-spacer\"><\/div>\n<\/div><\/div>\n\n\n\n<div class=\"wp-block-group alignfull has-base-2-background-color has-background has-global-padding is-layout-constrained wp-container-core-group-is-layout-7cd14b77 wp-block-group-is-layout-constrained\" style=\"margin-top:0;margin-bottom:0;padding-top:var(--wp--preset--spacing--60);padding-right:var(--wp--preset--spacing--60);padding-bottom:var(--wp--preset--spacing--60);padding-left:var(--wp--preset--spacing--60)\">\n<div class=\"wp-block-group alignwide is-layout-flow wp-block-group-is-layout-flow\">\n<p class=\"has-text-align-left has-base-2-color has-custom-color-5-background-color has-text-color has-background has-link-color has-heading-font-family has-x-large-font-size wp-elements-eb8d09715a3c4c21047f6dd426a7f2e0\" style=\"font-style:normal;font-weight:400;line-height:1.2\"><strong>\ud83e\uddfe Montant de l\u2019aide : <\/strong><\/p>\n\n\n\n<ul class=\"wp-block-list\">\n<li>Jusqu\u2019\u00e0 90 % du montant des travaux selon vos revenus<\/li>\n\n\n\n<li>Plafonds de travaux jusqu\u2019\u00e0 70 000 \u20ac TTC pour une r\u00e9novation d&#8217;ampleur<\/li>\n\n\n\n<li>Bar\u00e8me selon 4 profils : bleu (tr\u00e8s modestes), jaune (modestes), violet (ais\u00e9s), rose (tr\u00e8s ais\u00e9s)<\/li>\n<\/ul>\n<\/div>\n<\/div>\n\n\n\n<div class=\"wp-block-group alignfull has-base-2-color has-custom-color-5-background-color has-text-color has-background has-link-color wp-elements-67eeed80b5f271df5c3bf0d54e2cda35 has-global-padding is-layout-constrained wp-container-core-group-is-layout-facafb6f wp-block-group-is-layout-constrained\" style=\"margin-top:0;margin-bottom:0;padding-top:var(--wp--preset--spacing--50);padding-right:var(--wp--preset--spacing--50);padding-bottom:var(--wp--preset--spacing--50);padding-left:var(--wp--preset--spacing--50)\">\n<div class=\"wp-block-columns alignwide is-layout-flex wp-container-core-columns-is-layout-d1c656ed wp-block-columns-is-layout-flex\">\n<div class=\"wp-block-column is-vertically-aligned-stretch is-layout-flow wp-block-column-is-layout-flow\" style=\"padding-right:0;flex-basis:60%\">\n<div class=\"wp-block-group is-vertical is-content-justification-stretch is-layout-flex wp-container-core-group-is-layout-ae24f51d wp-block-group-is-layout-flex\" style=\"min-height:100%\">\n<figure class=\"wp-block-image size-large is-resized is-style-rounded is-style-rounded--2\"><img loading=\"lazy\" decoding=\"async\" width=\"768\" height=\"1024\" src=\"https:\/\/verteliorenov.fr\/wp-content\/uploads\/2025\/06\/PHOTO-2025-06-07-23-55-02-768x1024.jpg\" alt=\"\" class=\"wp-image-245\" style=\"aspect-ratio:0.5625;object-fit:cover;width:868px;height:auto\" srcset=\"https:\/\/verteliorenov.fr\/wp-content\/uploads\/2025\/06\/PHOTO-2025-06-07-23-55-02-768x1024.jpg 768w, https:\/\/verteliorenov.fr\/wp-content\/uploads\/2025\/06\/PHOTO-2025-06-07-23-55-02-225x300.jpg 225w, https:\/\/verteliorenov.fr\/wp-content\/uploads\/2025\/06\/PHOTO-2025-06-07-23-55-02-1152x1536.jpg 1152w, https:\/\/verteliorenov.fr\/wp-content\/uploads\/2025\/06\/PHOTO-2025-06-07-23-55-02.jpg 1500w\" sizes=\"auto, (max-width: 768px) 100vw, 768px\" \/><\/figure>\n\n\n\n<p class=\"has-medium-font-size\"><strong>\ud83e\uddf0 Conditions :<\/strong><\/p>\n\n\n\n<p>Logement de +15 ans (sauf remplacement chaudi\u00e8re fioul : +2 ans)<\/p>\n\n\n\n<p>Travaux r\u00e9alis\u00e9s par une entreprise RGE (Reconnu Garant de l\u2019Environnement)<\/p>\n\n\n\n<p class=\"has-medium-font-size\">Aide cumulable avec les CEE et \u00e9co-PTZ<\/p>\n<\/div>\n<\/div>\n\n\n\n<div class=\"wp-block-column is-layout-flow wp-block-column-is-layout-flow\" style=\"flex-basis:40%\">\n<div class=\"wp-block-group has-global-padding is-layout-constrained wp-block-group-is-layout-constrained\">\n<p class=\"has-large-font-size\" style=\"font-style:normal;font-weight:500;line-height:1.2\"><\/p>\n\n\n\n<div style=\"height:var(--wp--preset--spacing--40)\" aria-hidden=\"true\" class=\"wp-block-spacer\"><\/div>\n\n\n\n<div class=\"wp-block-group is-layout-flow wp-block-group-is-layout-flow\">\n<p class=\"has-medium-font-size\"><\/p>\n\n\n\n<figure class=\"wp-block-image size-large is-resized is-style-rounded is-style-rounded--3\"><img loading=\"lazy\" decoding=\"async\" width=\"768\" height=\"1024\" src=\"https:\/\/verteliorenov.fr\/wp-content\/uploads\/2025\/06\/PHOTO-2025-06-07-23-55-03-768x1024.jpg\" alt=\"\" class=\"wp-image-246\" style=\"aspect-ratio:0.5625;object-fit:cover;width:611px;height:auto\" srcset=\"https:\/\/verteliorenov.fr\/wp-content\/uploads\/2025\/06\/PHOTO-2025-06-07-23-55-03-768x1024.jpg 768w, https:\/\/verteliorenov.fr\/wp-content\/uploads\/2025\/06\/PHOTO-2025-06-07-23-55-03-225x300.jpg 225w, https:\/\/verteliorenov.fr\/wp-content\/uploads\/2025\/06\/PHOTO-2025-06-07-23-55-03-1152x1536.jpg 1152w, https:\/\/verteliorenov.fr\/wp-content\/uploads\/2025\/06\/PHOTO-2025-06-07-23-55-03.jpg 1500w\" sizes=\"auto, (max-width: 768px) 100vw, 768px\" \/><\/figure>\n<\/div>\n<\/div>\n\n\n\n<p><strong>\ud83d\udccb Parcours MaPrimeR\u00e9nov\u2019 :<\/strong><\/p>\n\n\n\n<p>Parcours par geste (chaudi\u00e8re, isolation\u2026)<\/p>\n\n\n\n<p>Parcours accompagn\u00e9 : obligatoire pour r\u00e9novation d&#8217;ampleur avec +55 % de gain \u00e9nerg\u00e9tique<\/p>\n<\/div>\n<\/div>\n<\/div>\n","protected":false},"excerpt":{"rendered":"<p>MaPrimeR\u00e9nov\u2019 est une aide financi\u00e8re mise en place par l\u2019Anah (Agence nationale de l\u2019habitat), accessible \u00e0 tous les propri\u00e9taires, quels que soient leurs revenus. \u2705 Ce qu\u2019elle finance : \ud83e\uddfe Montant de l\u2019aide : \ud83e\uddf0 Conditions : Logement de +15 ans (sauf remplacement chaudi\u00e8re fioul : +2 ans) Travaux r\u00e9alis\u00e9s par une entreprise RGE (Reconnu [&hellip;]<\/p>\n","protected":false},"author":1,"featured_media":0,"parent":0,"menu_order":0,"comment_status":"closed","ping_status":"closed","template":"","meta":{"footnotes":""},"class_list":["post-239","page","type-page","status-publish","hentry"],"_links":{"self":[{"href":"https:\/\/verteliorenov.fr\/index.php?rest_route=\/wp\/v2\/pages\/239","targetHints":{"allow":["GET"]}}],"collection":[{"href":"https:\/\/verteliorenov.fr\/index.php?rest_route=\/wp\/v2\/pages"}],"about":[{"href":"https:\/\/verteliorenov.fr\/index.php?rest_route=\/wp\/v2\/types\/page"}],"author":[{"embeddable":true,"href":"https:\/\/verteliorenov.fr\/index.php?rest_route=\/wp\/v2\/users\/1"}],"replies":[{"embeddable":true,"href":"https:\/\/verteliorenov.fr\/index.php?rest_route=%2Fwp%2Fv2%2Fcomments&post=239"}],"version-history":[{"count":8,"href":"https:\/\/verteliorenov.fr\/index.php?rest_route=\/wp\/v2\/pages\/239\/revisions"}],"predecessor-version":[{"id":404,"href":"https:\/\/verteliorenov.fr\/index.php?rest_route=\/wp\/v2\/pages\/239\/revisions\/404"}],"wp:attachment":[{"href":"https:\/\/verteliorenov.fr\/index.php?rest_route=%2Fwp%2Fv2%2Fmedia&parent=239"}],"curies":[{"name":"wp","href":"https:\/\/api.w.org\/{rel}","templated":true}]}}