{"id":267,"date":"2025-06-08T00:35:37","date_gmt":"2025-06-07T22:35:37","guid":{"rendered":"https:\/\/verteliorenov.fr\/?page_id=267"},"modified":"2025-06-09T00:11:30","modified_gmt":"2025-06-08T22:11:30","slug":"%f0%9f%94%b6-cee-certificats-deconomie-denergie-la-prime-des-fournisseurs-denergie","status":"publish","type":"page","link":"https:\/\/verteliorenov.fr\/?page_id=267","title":{"rendered":"\ud83d\udd36 CEE \u2013 Certificats d\u2019\u00c9conomie d\u2019\u00c9nergie : la prime des fournisseurs d\u2019\u00e9nergie"},"content":{"rendered":"\n<div style=\"height:var(--wp--preset--spacing--50)\" aria-hidden=\"true\" class=\"wp-block-spacer\"><\/div>\n\n\n\n<div class=\"wp-block-group alignwide has-custom-color-5-background-color has-background has-global-padding is-layout-constrained wp-block-group-is-layout-constrained\">\n<h1 class=\"wp-block-heading alignwide has-base-2-color has-text-color has-link-color has-xx-large-font-size wp-elements-c660a1c8349ec329fbbf7e42d8282471\" style=\"line-height:1.2\">Les CEE sont des aides vers\u00e9es par les fournisseurs d\u2019\u00e9nergie (EDF, TotalEnergies, Engie\u2026) pour encourager les particuliers \u00e0 faire des \u00e9conomies d\u2019\u00e9nergie.<\/h1>\n\n\n\n<figure class=\"wp-block-image aligncenter size-large is-style-rounded is-style-rounded--1\"><img loading=\"lazy\" decoding=\"async\" width=\"1024\" height=\"333\" src=\"http:\/\/verteliorenov.fr\/wp-content\/uploads\/2025\/06\/cee-main-3-1024x333.jpg\" alt=\"\" class=\"wp-image-268\" srcset=\"https:\/\/verteliorenov.fr\/wp-content\/uploads\/2025\/06\/cee-main-3-1024x333.jpg 1024w, https:\/\/verteliorenov.fr\/wp-content\/uploads\/2025\/06\/cee-main-3-300x98.jpg 300w, https:\/\/verteliorenov.fr\/wp-content\/uploads\/2025\/06\/cee-main-3-768x250.jpg 768w, https:\/\/verteliorenov.fr\/wp-content\/uploads\/2025\/06\/cee-main-3-1536x499.jpg 1536w, https:\/\/verteliorenov.fr\/wp-content\/uploads\/2025\/06\/cee-main-3.jpg 1920w\" sizes=\"auto, (max-width: 1024px) 100vw, 1024px\" \/><\/figure>\n<\/div>\n\n\n\n<div class=\"wp-block-group alignfull has-custom-color-4-background-color has-background has-global-padding is-layout-constrained wp-container-core-group-is-layout-0747478d wp-block-group-is-layout-constrained\" style=\"padding-top:var(--wp--preset--spacing--50);padding-right:var(--wp--preset--spacing--50);padding-bottom:var(--wp--preset--spacing--50);padding-left:var(--wp--preset--spacing--50)\">\n<h2 class=\"wp-block-heading has-contrast-color has-text-color has-link-color has-body-font-family has-medium-font-size wp-elements-1d7430f71d047bd83351076db6319ce5\"><strong>\u2705 Ce qu\u2019ils financent :<\/strong><\/h2>\n\n\n\n<ul class=\"wp-block-list\">\n<li class=\"has-contrast-color has-text-color has-link-color wp-elements-e99e4ddaf894a1ca75b8932af7a172e5\">Isolation<\/li>\n\n\n\n<li class=\"has-contrast-color has-text-color has-link-color wp-elements-5a55a24d27ac6ab01e0c9a0b2f17236a\">Chauffage performant<\/li>\n\n\n\n<li class=\"has-contrast-color has-text-color has-link-color wp-elements-09b2ec3a67ad2f7f72f01aaebf3cffb5\">Ventilation<\/li>\n\n\n\n<li class=\"has-contrast-color has-text-color has-link-color wp-elements-f75a7b2ab5f7529b7ccf987a9aefef2b\">R\u00e9novation d&#8217;ampleur<\/li>\n\n\n\n<li class=\"has-contrast-color has-text-color has-link-color wp-elements-287739b84d3b4cb231e133b1fafcb6f7\">\u00c9quipements renouvelables (PAC, solaire)<\/li>\n<\/ul>\n\n\n\n<figure class=\"wp-block-image alignwide size-large is-style-rounded is-style-rounded--2\"><img loading=\"lazy\" decoding=\"async\" width=\"1024\" height=\"768\" src=\"https:\/\/verteliorenov.fr\/wp-content\/uploads\/2025\/06\/WhatsApp-Image-2025-06CC-07-at-23.55.03-1024x768.jpeg\" alt=\"\" class=\"wp-image-269\" srcset=\"https:\/\/verteliorenov.fr\/wp-content\/uploads\/2025\/06\/WhatsApp-Image-2025-06CC-07-at-23.55.03-1024x768.jpeg 1024w, https:\/\/verteliorenov.fr\/wp-content\/uploads\/2025\/06\/WhatsApp-Image-2025-06CC-07-at-23.55.03-300x225.jpeg 300w, https:\/\/verteliorenov.fr\/wp-content\/uploads\/2025\/06\/WhatsApp-Image-2025-06CC-07-at-23.55.03-768x576.jpeg 768w, https:\/\/verteliorenov.fr\/wp-content\/uploads\/2025\/06\/WhatsApp-Image-2025-06CC-07-at-23.55.03-1536x1152.jpeg 1536w, https:\/\/verteliorenov.fr\/wp-content\/uploads\/2025\/06\/WhatsApp-Image-2025-06CC-07-at-23.55.03.jpeg 2000w\" sizes=\"auto, (max-width: 1024px) 100vw, 1024px\" \/><\/figure>\n\n\n\n<div class=\"wp-block-group is-nowrap is-layout-flex wp-container-core-group-is-layout-6c531013 wp-block-group-is-layout-flex\">\n<p><strong>\ud83d\udcb6 Montant de la prime :<\/strong><\/p>\n\n\n\n<ul class=\"wp-block-list\">\n<li class=\"has-contrast-color has-text-color has-link-color wp-elements-ca40cfc4861f1ee8a1af0572b357339a\">D\u00e9pend des revenus, des travaux, de la zone g\u00e9ographique et des \u00e9conomies g\u00e9n\u00e9r\u00e9es<\/li>\n\n\n\n<li class=\"has-contrast-color has-text-color has-link-color wp-elements-2afdcda95391ea4eaf81fd3adcb56f90\">Prime &#8220;Coup de Pouce&#8221; pour les foyers modestes<\/li>\n\n\n\n<li class=\"has-contrast-color has-text-color has-link-color wp-elements-f6ad1a248415abc670fba76cf387f1af\">Peut atteindre plusieurs milliers d\u2019euros<\/li>\n<\/ul>\n\n\n\n<p><strong>\ud83e\uddf0 Conditions :<\/strong><\/p>\n\n\n\n<ul class=\"wp-block-list\">\n<li class=\"has-contrast-color has-text-color has-link-color wp-elements-247aec17df28a8ddbd27897845d0ce59\">Travaux r\u00e9alis\u00e9s par un professionnel RGE<\/li>\n\n\n\n<li class=\"has-contrast-color has-text-color has-link-color wp-elements-8d63776e4e063e6a20d633ce38b98f13\">Signature du devis apr\u00e8s l\u2019acceptation de la demande<\/li>\n\n\n\n<li class=\"has-contrast-color has-text-color has-link-color wp-elements-2a62398124d62c3d6c0bbc8eb2ca6d92\">Prime vers\u00e9e sous forme de ch\u00e8que, virement, d\u00e9duction ou bon d\u2019achat<\/li>\n<\/ul>\n\n\n\n<p><strong>\ud83d\udca1 Avantages :<\/strong><\/p>\n\n\n\n<ul class=\"wp-block-list\">\n<li class=\"has-contrast-color has-text-color has-link-color wp-elements-386bc59bf9f7f2e76c59e8380902e270\">Cumulable avec MaPrimeR\u00e9nov\u2019<\/li>\n\n\n\n<li class=\"has-contrast-color has-text-color has-link-color wp-elements-9db2f86ffd81bf45eb4621ef7a7950fb\">Versement rapide<\/li>\n\n\n\n<li class=\"has-contrast-color has-text-color has-link-color wp-elements-4dbbfd1803bf273afeeb759951cdc894\">Accessible \u00e0 tous les m\u00e9nage<\/li>\n<\/ul>\n<\/div>\n<\/div>\n","protected":false},"excerpt":{"rendered":"<p>Les CEE sont des aides vers\u00e9es par les fournisseurs d\u2019\u00e9nergie (EDF, TotalEnergies, Engie\u2026) pour encourager les particuliers \u00e0 faire des \u00e9conomies d\u2019\u00e9nergie. \u2705 Ce qu\u2019ils financent : \ud83d\udcb6 Montant de la prime : \ud83e\uddf0 Conditions : \ud83d\udca1 Avantages :<\/p>\n","protected":false},"author":1,"featured_media":0,"parent":0,"menu_order":0,"comment_status":"closed","ping_status":"closed","template":"","meta":{"footnotes":""},"class_list":["post-267","page","type-page","status-publish","hentry"],"_links":{"self":[{"href":"https:\/\/verteliorenov.fr\/index.php?rest_route=\/wp\/v2\/pages\/267","targetHints":{"allow":["GET"]}}],"collection":[{"href":"https:\/\/verteliorenov.fr\/index.php?rest_route=\/wp\/v2\/pages"}],"about":[{"href":"https:\/\/verteliorenov.fr\/index.php?rest_route=\/wp\/v2\/types\/page"}],"author":[{"embeddable":true,"href":"https:\/\/verteliorenov.fr\/index.php?rest_route=\/wp\/v2\/users\/1"}],"replies":[{"embeddable":true,"href":"https:\/\/verteliorenov.fr\/index.php?rest_route=%2Fwp%2Fv2%2Fcomments&post=267"}],"version-history":[{"count":4,"href":"https:\/\/verteliorenov.fr\/index.php?rest_route=\/wp\/v2\/pages\/267\/revisions"}],"predecessor-version":[{"id":415,"href":"https:\/\/verteliorenov.fr\/index.php?rest_route=\/wp\/v2\/pages\/267\/revisions\/415"}],"wp:attachment":[{"href":"https:\/\/verteliorenov.fr\/index.php?rest_route=%2Fwp%2Fv2%2Fmedia&parent=267"}],"curies":[{"name":"wp","href":"https:\/\/api.w.org\/{rel}","templated":true}]}}