{"id":65,"date":"2025-06-01T12:28:22","date_gmt":"2025-06-01T10:28:22","guid":{"rendered":"https:\/\/verteliorenov.fr\/?page_id=65"},"modified":"2025-06-09T00:11:06","modified_gmt":"2025-06-08T22:11:06","slug":"page-qui-sommes-nous","status":"publish","type":"page","link":"https:\/\/verteliorenov.fr\/?page_id=65","title":{"rendered":"QUI SOMMES &#8211; NOUS ?"},"content":{"rendered":"\n<div class=\"wp-block-group alignfull has-global-padding is-layout-constrained wp-container-core-group-is-layout-490fa1db wp-block-group-is-layout-constrained\" style=\"padding-top:var(--wp--preset--spacing--50);padding-right:var(--wp--preset--spacing--50);padding-bottom:var(--wp--preset--spacing--50);padding-left:var(--wp--preset--spacing--50)\">\n<div class=\"wp-block-group has-custom-color-5-background-color has-background has-global-padding is-layout-constrained wp-container-core-group-is-layout-650790e1 wp-block-group-is-layout-constrained\">\n<h1 class=\"wp-block-heading has-text-align-center has-base-2-color has-text-color has-link-color has-x-large-font-size wp-elements-408091d36413d680e3d3b5148105cde2\"><strong>Vertelio Renov\u2019,&nbsp;votre partenaire de confiance&nbsp;pour une&nbsp;r\u00e9novation \u00e9nerg\u00e9tique&nbsp;simple, efficace et \u00e9conome.<\/strong><\/h1>\n<\/div>\n\n\n\n<figure class=\"wp-block-image aligncenter size-full is-resized is-style-rounded is-style-rounded--1\"><img loading=\"lazy\" decoding=\"async\" width=\"724\" height=\"489\" src=\"https:\/\/verteliorenov.fr\/wp-content\/uploads\/2025\/06\/Capture-decran-2025-06-01-a-12.20.49-edited.png\" alt=\"\" class=\"wp-image-68\" style=\"width:1352px;height:auto\" srcset=\"https:\/\/verteliorenov.fr\/wp-content\/uploads\/2025\/06\/Capture-decran-2025-06-01-a-12.20.49-edited.png 724w, https:\/\/verteliorenov.fr\/wp-content\/uploads\/2025\/06\/Capture-decran-2025-06-01-a-12.20.49-edited-300x203.png 300w\" sizes=\"auto, (max-width: 724px) 100vw, 724px\" \/><\/figure>\n\n\n\n<p class=\"has-large-font-size\">Sp\u00e9cialistes de la r\u00e9novation d&#8217;ampleur, nous vous proposons des solutions cl\u00e9s en main pour am\u00e9liorer la performance de votre logement :&nbsp;<strong>pompes \u00e0 chaleur, isolation<\/strong>,<strong> ballon thermodynamique, panneaux photovolta\u00efques<\/strong>&#8230; Tout est pens\u00e9 pour optimiser vos \u00e9conomies et booster votre confort.<\/p>\n<\/div>\n\n\n\n<div class=\"wp-block-group alignfull has-custom-color-4-background-color has-background has-global-padding is-layout-constrained wp-container-core-group-is-layout-669513ed wp-block-group-is-layout-constrained\" style=\"margin-top:0;margin-bottom:0;padding-top:var(--wp--preset--spacing--50);padding-right:var(--wp--preset--spacing--50);padding-bottom:var(--wp--preset--spacing--50);padding-left:var(--wp--preset--spacing--50)\">\n<div class=\"wp-block-group is-vertical is-content-justification-center is-layout-flex wp-container-core-group-is-layout-52b864f0 wp-block-group-is-layout-flex\">\n<p class=\"has-text-align-center has-base-color has-custom-color-5-background-color has-text-color has-background has-link-color has-x-large-font-size wp-elements-20c014e2ad3e752be9cee7eb494f40ec\"><strong>LES + DE VERTELIO RENOV\u2019&nbsp; :<\/strong><\/p>\n<\/div>\n\n\n\n<div class=\"wp-block-columns alignwide is-layout-flex wp-container-core-columns-is-layout-d0bbbce0 wp-block-columns-is-layout-flex\">\n<div class=\"wp-block-column is-layout-flow wp-container-core-column-is-layout-e3d1c41b wp-block-column-is-layout-flow\">\n<p class=\"has-text-align-center has-contrast-color has-text-color has-link-color has-large-font-size wp-elements-fbc12e4cefd9cf2f7a42dbabc68cab7a\"><strong>\u2705 Un seul interlocuteur avec un suivi personnalis\u00e9<\/strong><\/p>\n<\/div>\n\n\n\n<div class=\"wp-block-column has-medium-font-size is-layout-flow wp-container-core-column-is-layout-e3d1c41b wp-block-column-is-layout-flow\">\n<p class=\"has-text-align-center has-contrast-color has-text-color has-link-color has-large-font-size wp-elements-97b65d6a37b67603e44fdc3217730600\"><strong>\u2705&nbsp; Des \u00e9conomies visibles<\/strong><\/p>\n<\/div>\n\n\n\n<div class=\"wp-block-column is-layout-flow wp-container-core-column-is-layout-e3d1c41b wp-block-column-is-layout-flow\">\n<p class=\"has-text-align-center has-contrast-color has-text-color has-link-color has-large-font-size wp-elements-5e9cf053a66aaf4f0768300b36124dcc\"><strong>\u2705&nbsp; Des aides maximis\u00e9es<\/strong><\/p>\n<\/div>\n<\/div>\n\n\n\n<div class=\"wp-block-columns alignwide is-layout-flex wp-container-core-columns-is-layout-d0bbbce0 wp-block-columns-is-layout-flex\">\n<div class=\"wp-block-column is-layout-flow wp-container-core-column-is-layout-e3d1c41b wp-block-column-is-layout-flow\">\n<div class=\"wp-block-group is-content-justification-space-between is-nowrap is-layout-flex wp-container-core-group-is-layout-cb46ffcb wp-block-group-is-layout-flex\">\n<p class=\"has-text-align-center has-large-font-size\"><strong>\u2705 Des d\u00e9marches administratives g\u00e9r\u00e9es par votre conseiller<\/strong><\/p>\n\n\n\n<div class=\"wp-block-group is-nowrap is-layout-flex wp-container-core-group-is-layout-6c531013 wp-block-group-is-layout-flex\">\n<p class=\"has-text-align-center has-large-font-size\"><strong>\u2705&nbsp; Un habitat plus confortable et valoris\u00e9<\/strong><\/p>\n<\/div>\n<\/div>\n<\/div>\n<\/div>\n<\/div>\n\n\n\n<div class=\"wp-block-group alignfull has-global-padding is-layout-constrained wp-container-core-group-is-layout-d89aad35 wp-block-group-is-layout-constrained\" style=\"margin-top:0;margin-bottom:0;padding-top:var(--wp--preset--spacing--50);padding-right:var(--wp--preset--spacing--50);padding-bottom:var(--wp--preset--spacing--50);padding-left:var(--wp--preset--spacing--50)\">\n<div class=\"wp-block-group alignwide has-global-padding is-layout-constrained wp-container-core-group-is-layout-19e250f3 wp-block-group-is-layout-constrained\">\n<div class=\"wp-block-group is-vertical is-content-justification-center is-layout-flex wp-container-core-group-is-layout-6329a8f3 wp-block-group-is-layout-flex\">\n<p class=\"has-text-align-center has-custom-color-5-color has-text-color has-link-color has-x-large-font-size wp-elements-8f8269498e1df0faf8ed74ecbd67d075\"><strong>Notre engagement ?<\/strong><\/p>\n<\/div>\n\n\n\n<div class=\"wp-block-columns alignwide has-custom-color-5-background-color has-background is-layout-flex wp-container-core-columns-is-layout-d1c656ed wp-block-columns-is-layout-flex\">\n<div class=\"wp-block-column is-vertically-aligned-center is-layout-flow wp-block-column-is-layout-flow\" style=\"flex-basis:40%\">\n<p class=\"has-base-2-color has-text-color has-link-color has-large-font-size wp-elements-502f45ae63c1b79cad07c9eb527e4e0f\">Vous offrir une prise en charge compl\u00e8te, de l\u2019\u00e9tude technique \u00e0 l\u2019installation, en passant par le montage de votre dossier d\u2019aides financi\u00e8res.<\/p>\n\n\n\n<p class=\"has-base-2-color has-text-color has-link-color has-large-font-size wp-elements-48ba81dbbf9b4d06621948bfd6eda312\">Gr\u00e2ce \u00e0 nos experts qualifi\u00e9s et \u00e0 des \u00e9quipements derni\u00e8re g\u00e9n\u00e9ration, vous r\u00e9alisez des travaux en toute s\u00e9r\u00e9nit\u00e9\u2026 et sans mauvaise surprise.<\/p>\n<\/div>\n\n\n\n<div class=\"wp-block-column is-layout-flow wp-block-column-is-layout-flow\" style=\"flex-basis:50%\">\n<figure class=\"wp-block-image aligncenter size-full is-style-rounded is-style-rounded--2\"><img loading=\"lazy\" decoding=\"async\" width=\"1280\" height=\"720\" src=\"https:\/\/verteliorenov.fr\/wp-content\/uploads\/2025\/06\/engagement.jpg\" alt=\"\" class=\"wp-image-72\" srcset=\"https:\/\/verteliorenov.fr\/wp-content\/uploads\/2025\/06\/engagement.jpg 1280w, https:\/\/verteliorenov.fr\/wp-content\/uploads\/2025\/06\/engagement-300x169.jpg 300w, https:\/\/verteliorenov.fr\/wp-content\/uploads\/2025\/06\/engagement-1024x576.jpg 1024w, https:\/\/verteliorenov.fr\/wp-content\/uploads\/2025\/06\/engagement-768x432.jpg 768w\" sizes=\"auto, (max-width: 1280px) 100vw, 1280px\" \/><\/figure>\n<\/div>\n<\/div>\n<\/div>\n<\/div>\n\n\n\n<div class=\"wp-block-group alignfull has-global-padding is-layout-constrained wp-container-core-group-is-layout-d89aad35 wp-block-group-is-layout-constrained\" style=\"margin-top:0;margin-bottom:0;padding-top:var(--wp--preset--spacing--50);padding-right:var(--wp--preset--spacing--50);padding-bottom:var(--wp--preset--spacing--50);padding-left:var(--wp--preset--spacing--50)\">\n<div class=\"wp-block-group alignwide has-base-2-background-color has-background has-global-padding is-layout-constrained wp-container-core-group-is-layout-39412042 wp-block-group-is-layout-constrained\" style=\"border-radius:16px;padding-top:var(--wp--preset--spacing--40);padding-right:var(--wp--preset--spacing--50);padding-bottom:var(--wp--preset--spacing--40);padding-left:var(--wp--preset--spacing--50)\">\n<div style=\"height:var(--wp--preset--spacing--10)\" aria-hidden=\"true\" class=\"wp-block-spacer\"><\/div>\n\n\n\n<h2 class=\"wp-block-heading has-text-align-center has-x-large-font-size\"><strong>Passez \u00e0 l\u2019action d\u00e8s aujourd\u2019hui : r\u00e9novez, \u00e9conomisez, profitez !<\/strong><\/h2>\n\n\n\n<div class=\"wp-block-buttons is-content-justification-center is-layout-flex wp-container-core-buttons-is-layout-a89b3969 wp-block-buttons-is-layout-flex\">\n<div class=\"wp-block-button has-custom-width wp-block-button__width-75 is-style-outline is-style-outline--3\"><a class=\"wp-block-button__link has-base-2-color has-custom-color-5-background-color has-text-color has-background has-link-color wp-element-button\" href=\"https:\/\/verteliorenov.fr\/?page_id=12\"><strong>un DEVIS ? <\/strong><\/a><\/div>\n<\/div>\n\n\n\n<div style=\"height:var(--wp--preset--spacing--10)\" aria-hidden=\"true\" class=\"wp-block-spacer\"><\/div>\n<\/div>\n<\/div>\n","protected":false},"excerpt":{"rendered":"<p>Vertelio Renov\u2019,&nbsp;votre partenaire de confiance&nbsp;pour une&nbsp;r\u00e9novation \u00e9nerg\u00e9tique&nbsp;simple, efficace et \u00e9conome. Sp\u00e9cialistes de la r\u00e9novation d&#8217;ampleur, nous vous proposons des solutions cl\u00e9s en main pour am\u00e9liorer la performance de votre logement :&nbsp;pompes \u00e0 chaleur, isolation, ballon thermodynamique, panneaux photovolta\u00efques&#8230; Tout est pens\u00e9 pour optimiser vos \u00e9conomies et booster votre confort. LES + DE VERTELIO RENOV\u2019&nbsp; : [&hellip;]<\/p>\n","protected":false},"author":1,"featured_media":0,"parent":0,"menu_order":0,"comment_status":"closed","ping_status":"closed","template":"","meta":{"footnotes":""},"class_list":["post-65","page","type-page","status-publish","hentry"],"_links":{"self":[{"href":"https:\/\/verteliorenov.fr\/index.php?rest_route=\/wp\/v2\/pages\/65","targetHints":{"allow":["GET"]}}],"collection":[{"href":"https:\/\/verteliorenov.fr\/index.php?rest_route=\/wp\/v2\/pages"}],"about":[{"href":"https:\/\/verteliorenov.fr\/index.php?rest_route=\/wp\/v2\/types\/page"}],"author":[{"embeddable":true,"href":"https:\/\/verteliorenov.fr\/index.php?rest_route=\/wp\/v2\/users\/1"}],"replies":[{"embeddable":true,"href":"https:\/\/verteliorenov.fr\/index.php?rest_route=%2Fwp%2Fv2%2Fcomments&post=65"}],"version-history":[{"count":32,"href":"https:\/\/verteliorenov.fr\/index.php?rest_route=\/wp\/v2\/pages\/65\/revisions"}],"predecessor-version":[{"id":413,"href":"https:\/\/verteliorenov.fr\/index.php?rest_route=\/wp\/v2\/pages\/65\/revisions\/413"}],"wp:attachment":[{"href":"https:\/\/verteliorenov.fr\/index.php?rest_route=%2Fwp%2Fv2%2Fmedia&parent=65"}],"curies":[{"name":"wp","href":"https:\/\/api.w.org\/{rel}","templated":true}]}}